{"id":10,"date":"2020-04-03T16:25:20","date_gmt":"2020-04-03T14:25:20","guid":{"rendered":"http:\/\/www.policeath.be\/5322\/?page_id=10"},"modified":"2026-03-05T11:13:41","modified_gmt":"2026-03-05T10:13:41","slug":"elementor-10","status":"publish","type":"page","link":"https:\/\/policeath.be\/5322\/","title":{"rendered":"Accueil"},"content":{"rendered":"\t\t<div data-elementor-type=\"wp-page\" data-elementor-id=\"10\" class=\"elementor elementor-10\" data-elementor-post-type=\"page\">\n\t\t\t\t\t\t<section class=\"elementor-section elementor-top-section elementor-element elementor-element-3b772f0 elementor-section-boxed elementor-section-height-default elementor-section-height-default\" data-id=\"3b772f0\" data-element_type=\"section\">\n\t\t\t\t\t\t<div class=\"elementor-container elementor-column-gap-default\">\n\t\t\t\t\t<div class=\"elementor-column elementor-col-100 elementor-top-column elementor-element elementor-element-86bd5a5\" data-id=\"86bd5a5\" data-element_type=\"column\">\n\t\t\t<div class=\"elementor-widget-wrap\">\n\t\t\t\t\t\t\t<\/div>\n\t\t<\/div>\n\t\t\t\t\t<\/div>\n\t\t<\/section>\n\t\t\t\t<section class=\"elementor-section elementor-top-section elementor-element elementor-element-525ba4e elementor-section-boxed elementor-section-height-default elementor-section-height-default\" data-id=\"525ba4e\" data-element_type=\"section\">\n\t\t\t\t\t\t<div class=\"elementor-container elementor-column-gap-default\">\n\t\t\t\t\t<div class=\"elementor-column elementor-col-100 elementor-top-column elementor-element elementor-element-868f0a1\" data-id=\"868f0a1\" data-element_type=\"column\">\n\t\t\t<div class=\"elementor-widget-wrap elementor-element-populated\">\n\t\t\t\t\t\t<div class=\"elementor-element elementor-element-14f2e99 elementor-widget elementor-widget-text-editor\" data-id=\"14f2e99\" data-element_type=\"widget\" data-widget_type=\"text-editor.default\">\n\t\t\t\t<div class=\"elementor-widget-container\">\n\t\t\t\t\t\t\t\t\t<p>\u00a0<\/p><p>\u00a0<\/p><p style=\"margin-top: 0pt; margin-bottom: 1pt; font-family: Verdana; font-size: 9.75pt; color: #565656; text-align: center;\">La cr\u00e9ation et le d\u00e9veloppement de ce site ont pour objectifs essentiels d\u2019ouvrir la police vers le citoyen et de tenir compte de ses pr\u00e9occupations, comme le sugg\u00e8rent les principes de la police de proximit\u00e9.<\/p><p style=\"margin-top: 0pt; margin-bottom: 1pt; font-family: Verdana; font-size: 9.75pt; color: #565656; text-align: center;\">Depuis la r\u00e9forme des polices, la transparence vis \u00e0 vis de nos partenaires (population, administration, services,&#8230;) a constitu\u00e9 une de nos priorit\u00e9s.\u00a0<\/p><p style=\"margin-top: 0pt; margin-bottom: 1pt; font-family: Verdana; font-size: 9.75pt; color: #565656; text-align: center;\"><span style=\"font-weight: bold;\">Ce site internet constitue un vecteur de communication compl\u00e9mentaire vis-\u00e0-vis du citoyen<\/span>.<\/p><p style=\"margin-top: 9pt; margin-bottom: 9pt; font-family: Verdana; font-size: 9.75pt; color: #565656; text-align: center;\">La police n\u2019existe pas pour elle-m\u00eame, mais bien pour la population qu\u2019elle doit prot\u00e9ger et servir.\u00a0<\/p><p style=\"margin-top: 9pt; margin-bottom: 9pt; font-family: Verdana; font-size: 9.75pt; color: #565656; text-align: center;\">Notre devise : \u00ab\u00a0Travailler ensemble, une mission valorisante\u00a0\u00bb refl\u00e8te enti\u00e8rement cet \u00e9tat d\u2019esprit que nous souhaitons d\u00e9velopper davantage.<\/p><p style=\"margin-top: 9pt; margin-bottom: 9pt; font-family: Verdana; font-size: 9.75pt; color: #565656; text-align: center;\">Ce site internet a donc un\u00a0but ambitieux : celui de rapprocher la population de son service de police.<\/p><p style=\"margin-top: 9pt; margin-bottom: 9pt; font-family: Verdana; font-size: 9.75pt; color: #565656; text-align: center;\">Diverses rubriques vous informeront des priorit\u00e9s de la zone et de nos actions.<\/p><p style=\"margin-top: 9pt; margin-bottom: 9pt; font-family: Verdana; font-size: 9.75pt; color: #565656; text-align: center;\">La rubrique \u00ab Nous contacter \u00bb vous permettra de nous faire part de vos remarques et suggestions. Elle vous permettra aussi de nous poser des questions auxquelles nous tenterons de r\u00e9pondre.<\/p><p style=\"margin-top: 0pt; margin-bottom: 1pt; font-family: Verdana; font-size: 9.75pt; color: #565656; text-align: center;\">\u00a0<\/p>\t\t\t\t\t\t\t\t<\/div>\n\t\t\t\t<\/div>\n\t\t\t\t\t<\/div>\n\t\t<\/div>\n\t\t\t\t\t<\/div>\n\t\t<\/section>\n\t\t\t\t<section class=\"elementor-section elementor-top-section elementor-element elementor-element-a2cd9d5 elementor-section-boxed elementor-section-height-default elementor-section-height-default\" data-id=\"a2cd9d5\" data-element_type=\"section\">\n\t\t\t\t\t\t<div class=\"elementor-container elementor-column-gap-default\">\n\t\t\t\t\t<div class=\"elementor-column elementor-col-100 elementor-top-column elementor-element elementor-element-8aa093c\" data-id=\"8aa093c\" data-element_type=\"column\">\n\t\t\t<div class=\"elementor-widget-wrap\">\n\t\t\t\t\t\t\t<\/div>\n\t\t<\/div>\n\t\t\t\t\t<\/div>\n\t\t<\/section>\n\t\t\t\t<section class=\"elementor-section elementor-top-section elementor-element elementor-element-ee5cde2 elementor-section-boxed elementor-section-height-default elementor-section-height-default\" data-id=\"ee5cde2\" data-element_type=\"section\">\n\t\t\t\t\t\t<div class=\"elementor-container elementor-column-gap-default\">\n\t\t\t\t\t<div class=\"elementor-column elementor-col-100 elementor-top-column elementor-element elementor-element-42dd649\" data-id=\"42dd649\" data-element_type=\"column\">\n\t\t\t<div class=\"elementor-widget-wrap\">\n\t\t\t\t\t\t\t<\/div>\n\t\t<\/div>\n\t\t\t\t\t<\/div>\n\t\t<\/section>\n\t\t\t\t<section class=\"elementor-section elementor-top-section elementor-element elementor-element-1b198ea elementor-section-boxed elementor-section-height-default elementor-section-height-default\" data-id=\"1b198ea\" data-element_type=\"section\">\n\t\t\t\t\t\t<div class=\"elementor-container elementor-column-gap-default\">\n\t\t\t\t\t<div class=\"elementor-column elementor-col-100 elementor-top-column elementor-element elementor-element-bb88c6d\" data-id=\"bb88c6d\" data-element_type=\"column\">\n\t\t\t<div class=\"elementor-widget-wrap elementor-element-populated\">\n\t\t\t\t\t\t<div class=\"elementor-element elementor-element-cf77801 elementor-widget elementor-widget-google_maps\" data-id=\"cf77801\" data-element_type=\"widget\" data-widget_type=\"google_maps.default\">\n\t\t\t\t<div class=\"elementor-widget-container\">\n\t\t\t\t\t\t\t<div class=\"elementor-custom-embed\">\n\t\t\t<iframe loading=\"lazy\"\n\t\t\t\t\tsrc=\"https:\/\/maps.google.com\/maps?q=Rue%20de%20la%20Station%202%2C%207800%20Ath&#038;t=m&#038;z=10&#038;output=embed&#038;iwloc=near\"\n\t\t\t\t\ttitle=\"Rue de la Station 2, 7800 Ath\"\n\t\t\t\t\taria-label=\"Rue de la Station 2, 7800 Ath\"\n\t\t\t><\/iframe>\n\t\t<\/div>\n\t\t\t\t\t\t<\/div>\n\t\t\t\t<\/div>\n\t\t\t\t\t<\/div>\n\t\t<\/div>\n\t\t\t\t\t<\/div>\n\t\t<\/section>\n\t\t\t\t<\/div>\n\t\t","protected":false},"excerpt":{"rendered":"<p>\u00a0 \u00a0 La cr\u00e9ation et le d\u00e9veloppement de ce site ont pour objectifs essentiels d\u2019ouvrir la police vers le citoyen et de tenir compte de ses pr\u00e9occupations, comme le sugg\u00e8rent les principes de la police de proximit\u00e9. Depuis la r\u00e9forme des polices, la transparence vis \u00e0 vis de nos partenaires (population, administration, services,&#8230;) a constitu\u00e9&hellip;&nbsp;<a href=\"https:\/\/policeath.be\/5322\/\" rel=\"bookmark\">Lire la suite &raquo;<span class=\"screen-reader-text\">Accueil<\/span><\/a><\/p>\n","protected":false},"author":1,"featured_media":13,"parent":0,"menu_order":0,"comment_status":"closed","ping_status":"closed","template":"page-templates\/template-pagebuilder-full-width.php","meta":{"neve_meta_sidebar":"right","neve_meta_container":"default","neve_meta_enable_content_width":"on","neve_meta_content_width":100,"neve_meta_title_alignment":"center","neve_meta_author_avatar":"","neve_post_elements_order":"","neve_meta_disable_header":"","neve_meta_disable_footer":"on","neve_meta_disable_title":"","_themeisle_gutenberg_block_has_review":false,"footnotes":""},"class_list":["post-10","page","type-page","status-publish","has-post-thumbnail","hentry"],"_links":{"self":[{"href":"https:\/\/policeath.be\/5322\/wp-json\/wp\/v2\/pages\/10","targetHints":{"allow":["GET"]}}],"collection":[{"href":"https:\/\/policeath.be\/5322\/wp-json\/wp\/v2\/pages"}],"about":[{"href":"https:\/\/policeath.be\/5322\/wp-json\/wp\/v2\/types\/page"}],"author":[{"embeddable":true,"href":"https:\/\/policeath.be\/5322\/wp-json\/wp\/v2\/users\/1"}],"replies":[{"embeddable":true,"href":"https:\/\/policeath.be\/5322\/wp-json\/wp\/v2\/comments?post=10"}],"version-history":[{"count":418,"href":"https:\/\/policeath.be\/5322\/wp-json\/wp\/v2\/pages\/10\/revisions"}],"predecessor-version":[{"id":1284,"href":"https:\/\/policeath.be\/5322\/wp-json\/wp\/v2\/pages\/10\/revisions\/1284"}],"wp:featuredmedia":[{"embeddable":true,"href":"https:\/\/policeath.be\/5322\/wp-json\/wp\/v2\/media\/13"}],"wp:attachment":[{"href":"https:\/\/policeath.be\/5322\/wp-json\/wp\/v2\/media?parent=10"}],"curies":[{"name":"wp","href":"https:\/\/api.w.org\/{rel}","templated":true}]}}