{"id":27,"date":"2020-04-03T16:59:12","date_gmt":"2020-04-03T14:59:12","guid":{"rendered":"http:\/\/www.policeath.be\/5322\/?page_id=27"},"modified":"2026-01-14T11:43:12","modified_gmt":"2026-01-14T10:43:12","slug":"contact","status":"publish","type":"page","link":"https:\/\/policeath.be\/5322\/contact\/","title":{"rendered":"Contact"},"content":{"rendered":"\t\t<div data-elementor-type=\"wp-page\" data-elementor-id=\"27\" class=\"elementor elementor-27\" data-elementor-post-type=\"page\">\n\t\t\t\t\t\t<section class=\"elementor-section elementor-top-section elementor-element elementor-element-ab52666 elementor-section-boxed elementor-section-height-default elementor-section-height-default\" data-id=\"ab52666\" data-element_type=\"section\">\n\t\t\t\t\t\t<div class=\"elementor-container elementor-column-gap-default\">\n\t\t\t\t\t<div class=\"elementor-column elementor-col-100 elementor-top-column elementor-element elementor-element-5ac25aa6\" data-id=\"5ac25aa6\" data-element_type=\"column\">\n\t\t\t<div class=\"elementor-widget-wrap elementor-element-populated\">\n\t\t\t\t\t\t<div class=\"elementor-element elementor-element-19b5df7 elementor-widget elementor-widget-text-editor\" data-id=\"19b5df7\" data-element_type=\"widget\" data-widget_type=\"text-editor.default\">\n\t\t\t\t<div class=\"elementor-widget-container\">\n\t\t\t\t\t\t\t\t\t<p style=\"text-align: center;\">\u00ab<\/p><p style=\"text-align: center;\">\u00a0Le bureau de police reste ouvert du lundi au vendredi de 08h00 \u00e0 12h00 et de 13h00 \u00e0 17h00. Les personnes d\u00e9sireuses de d\u00e9poser une plainte sont pri\u00e9es de prendre pr\u00e9alablement contact t\u00e9l\u00e9phoniquement avec le poste de police au num\u00e9ro<a href=\"tel:068266266\"> 068\/266.266 <\/a>\u00a0ou via l&rsquo;application\u00a0<a href=\"https:\/\/agenda.appoint.be\/e\/dVd0MksrY250Yno5cTR6Q1ljT1ArSTVGNGE5THRqRkx4RlNyU2w0NVZQUURzenNITW8rUkZwRHg1R0tSeFJnUkw1SEZDYmlJOC9raGFnNk9wZ3JxV3g3amdKc0pMaUky\" target=\"_blank\" rel=\"noopener\">Prise de rendez-vous<\/a> \u00a0afin de permettre une meilleure coordination de leur prise en charge.<\/p><p style=\"text-align: center;\">Les personnes qui se pr\u00e9senteront spontan\u00e9ment seront re\u00e7ues selon les pr\u00e9cautions d\u2019usage en cette p\u00e9riode particuli\u00e8re.\u00a0\u00bb<\/p><h4 style=\"text-align: center;\"><span style=\"font-size: 10.0pt; line-height: 107%; font-family: 'Verdana',sans-serif; mso-fareast-font-family: 'Times New Roman'; mso-bidi-font-family: 'Times New Roman'; color: red; mso-ansi-language: FR-BE; mso-fareast-language: FR-BE; mso-bidi-language: AR-SA;\">Nous attirons votre attention sur le fait que pour toute intervention urgente, il y a lieu de contacter le <a href=\"tel:101\"> 101 <\/a>.<\/span><\/h4>\t\t\t\t\t\t\t\t<\/div>\n\t\t\t\t<\/div>\n\t\t\t\t<section class=\"elementor-section elementor-inner-section elementor-element elementor-element-cc62785 elementor-section-boxed elementor-section-height-default elementor-section-height-default\" data-id=\"cc62785\" data-element_type=\"section\">\n\t\t\t\t\t\t<div class=\"elementor-container elementor-column-gap-default\">\n\t\t\t\t\t<div class=\"elementor-column elementor-col-50 elementor-inner-column elementor-element elementor-element-61df185\" data-id=\"61df185\" data-element_type=\"column\">\n\t\t\t<div class=\"elementor-widget-wrap elementor-element-populated\">\n\t\t\t\t\t\t<div class=\"elementor-element elementor-element-26e4fbf elementor-widget elementor-widget-text-editor\" data-id=\"26e4fbf\" data-element_type=\"widget\" data-widget_type=\"text-editor.default\">\n\t\t\t\t<div class=\"elementor-widget-container\">\n\t\t\t\t\t\t\t\t\t<p>Rue de la Station 2<br \/>7800 ATH<\/p>\t\t\t\t\t\t\t\t<\/div>\n\t\t\t\t<\/div>\n\t\t\t\t\t<\/div>\n\t\t<\/div>\n\t\t\t\t<div class=\"elementor-column elementor-col-50 elementor-inner-column elementor-element elementor-element-c0ec92d\" data-id=\"c0ec92d\" data-element_type=\"column\">\n\t\t\t<div class=\"elementor-widget-wrap elementor-element-populated\">\n\t\t\t\t\t\t<div class=\"elementor-element elementor-element-2fedf02 elementor-widget elementor-widget-text-editor\" data-id=\"2fedf02\" data-element_type=\"widget\" data-widget_type=\"text-editor.default\">\n\t\t\t\t<div class=\"elementor-widget-container\">\n\t\t\t\t\t\t\t\t\t<p>T\u00e9l\u00e9phone : <a href=\"tel:068266266\"> 068\/266.266 <\/a><br \/>E-mail : info@policeath.be<br \/>La bo\u00eete mail est relev\u00e9e plusieurs fois par jour en semaine et durant les heures de bureau.<\/p>\t\t\t\t\t\t\t\t<\/div>\n\t\t\t\t<\/div>\n\t\t\t\t\t<\/div>\n\t\t<\/div>\n\t\t\t\t\t<\/div>\n\t\t<\/section>\n\t\t\t\t\t<\/div>\n\t\t<\/div>\n\t\t\t\t\t<\/div>\n\t\t<\/section>\n\t\t\t\t<section class=\"elementor-section elementor-top-section elementor-element elementor-element-cb301e5 elementor-section-boxed elementor-section-height-default elementor-section-height-default\" data-id=\"cb301e5\" data-element_type=\"section\">\n\t\t\t\t\t\t<div class=\"elementor-container elementor-column-gap-default\">\n\t\t\t\t\t<div class=\"elementor-column elementor-col-100 elementor-top-column elementor-element elementor-element-11fc292\" data-id=\"11fc292\" data-element_type=\"column\">\n\t\t\t<div class=\"elementor-widget-wrap elementor-element-populated\">\n\t\t\t\t\t\t<div class=\"elementor-element elementor-element-b897c4c elementor-invisible elementor-widget elementor-widget-google_maps\" data-id=\"b897c4c\" data-element_type=\"widget\" data-settings=\"{&quot;_animation&quot;:&quot;fadeInUp&quot;}\" data-widget_type=\"google_maps.default\">\n\t\t\t\t<div class=\"elementor-widget-container\">\n\t\t\t\t\t\t\t<div class=\"elementor-custom-embed\">\n\t\t\t<iframe loading=\"lazy\"\n\t\t\t\t\tsrc=\"https:\/\/maps.google.com\/maps?q=Ath%20rue%20de%20la%20station%202&#038;t=m&#038;z=10&#038;output=embed&#038;iwloc=near\"\n\t\t\t\t\ttitle=\"Ath rue de la station 2\"\n\t\t\t\t\taria-label=\"Ath rue de la station 2\"\n\t\t\t><\/iframe>\n\t\t<\/div>\n\t\t\t\t\t\t<\/div>\n\t\t\t\t<\/div>\n\t\t\t\t\t<\/div>\n\t\t<\/div>\n\t\t\t\t\t<\/div>\n\t\t<\/section>\n\t\t\t\t<\/div>\n\t\t","protected":false},"excerpt":{"rendered":"<p>\u00ab \u00a0Le bureau de police reste ouvert du lundi au vendredi de 08h00 \u00e0 12h00 et de 13h00 \u00e0 17h00. Les personnes d\u00e9sireuses de d\u00e9poser une plainte sont pri\u00e9es de prendre pr\u00e9alablement contact t\u00e9l\u00e9phoniquement avec le poste de police au num\u00e9ro 068\/266.266 \u00a0ou via l&rsquo;application\u00a0Prise de rendez-vous \u00a0afin de permettre une meilleure coordination de leur&hellip;&nbsp;<a href=\"https:\/\/policeath.be\/5322\/contact\/\" rel=\"bookmark\">Lire la suite &raquo;<span class=\"screen-reader-text\">Contact<\/span><\/a><\/p>\n","protected":false},"author":1,"featured_media":0,"parent":0,"menu_order":0,"comment_status":"closed","ping_status":"closed","template":"","meta":{"neve_meta_sidebar":"full-width","neve_meta_container":"","neve_meta_enable_content_width":"on","neve_meta_content_width":100,"neve_meta_title_alignment":"","neve_meta_author_avatar":"","neve_post_elements_order":"","neve_meta_disable_header":"","neve_meta_disable_footer":"on","neve_meta_disable_title":"","_themeisle_gutenberg_block_has_review":false,"footnotes":""},"class_list":["post-27","page","type-page","status-publish","hentry"],"_links":{"self":[{"href":"https:\/\/policeath.be\/5322\/wp-json\/wp\/v2\/pages\/27","targetHints":{"allow":["GET"]}}],"collection":[{"href":"https:\/\/policeath.be\/5322\/wp-json\/wp\/v2\/pages"}],"about":[{"href":"https:\/\/policeath.be\/5322\/wp-json\/wp\/v2\/types\/page"}],"author":[{"embeddable":true,"href":"https:\/\/policeath.be\/5322\/wp-json\/wp\/v2\/users\/1"}],"replies":[{"embeddable":true,"href":"https:\/\/policeath.be\/5322\/wp-json\/wp\/v2\/comments?post=27"}],"version-history":[{"count":29,"href":"https:\/\/policeath.be\/5322\/wp-json\/wp\/v2\/pages\/27\/revisions"}],"predecessor-version":[{"id":1215,"href":"https:\/\/policeath.be\/5322\/wp-json\/wp\/v2\/pages\/27\/revisions\/1215"}],"wp:attachment":[{"href":"https:\/\/policeath.be\/5322\/wp-json\/wp\/v2\/media?parent=27"}],"curies":[{"name":"wp","href":"https:\/\/api.w.org\/{rel}","templated":true}]}}