{"id":48,"date":"2020-04-03T18:38:56","date_gmt":"2020-04-03T16:38:56","guid":{"rendered":"http:\/\/policeath.be\/5322\/?page_id=48"},"modified":"2020-04-03T18:39:27","modified_gmt":"2020-04-03T16:39:27","slug":"mesures-de-confinements","status":"publish","type":"page","link":"https:\/\/policeath.be\/5322\/mesures-de-confinements\/","title":{"rendered":"Mesures de confinements"},"content":{"rendered":"\t\t<div data-elementor-type=\"wp-page\" data-elementor-id=\"48\" class=\"elementor elementor-48\" data-elementor-post-type=\"page\">\n\t\t\t\t\t\t<section class=\"elementor-section elementor-top-section elementor-element elementor-element-de035cb elementor-section-boxed elementor-section-height-default elementor-section-height-default\" data-id=\"de035cb\" data-element_type=\"section\">\n\t\t\t\t\t\t<div class=\"elementor-container elementor-column-gap-default\">\n\t\t\t\t\t<div class=\"elementor-column elementor-col-100 elementor-top-column elementor-element elementor-element-23142a81\" data-id=\"23142a81\" data-element_type=\"column\">\n\t\t\t<div class=\"elementor-widget-wrap elementor-element-populated\">\n\t\t\t\t\t\t<div class=\"elementor-element elementor-element-178c7bc5 elementor-widget elementor-widget-text-editor\" data-id=\"178c7bc5\" data-element_type=\"widget\" data-widget_type=\"text-editor.default\">\n\t\t\t\t<div class=\"elementor-widget-container\">\n\t\t\t\t\t\t\t\t\t\n<div class=\"wp-block-themeisle-blocks-advanced-columns has-undefined-columns has-desktop-undefined-layout has-tablet-equal-layout has-mobile-equal-layout has-default-gap has-vertical-unset\" id=\"wp-block-themeisle-blocks-advanced-columns-a91fbb15\"><div class=\"wp-block-themeisle-blocks-advanced-columns-overlay\"><\/div><div class=\"innerblocks-wrap\"><\/div><\/div>\n\t\t\t\t\t\t\t\t<\/div>\n\t\t\t\t<\/div>\n\t\t\t\t\t<\/div>\n\t\t<\/div>\n\t\t\t\t\t<\/div>\n\t\t<\/section>\n\t\t\t\t<section class=\"elementor-section elementor-top-section elementor-element elementor-element-2ff0f7d elementor-section-boxed elementor-section-height-default elementor-section-height-default\" data-id=\"2ff0f7d\" data-element_type=\"section\">\n\t\t\t\t\t\t<div class=\"elementor-container elementor-column-gap-default\">\n\t\t\t\t\t<div class=\"elementor-column elementor-col-100 elementor-top-column elementor-element elementor-element-d3f977a\" data-id=\"d3f977a\" data-element_type=\"column\">\n\t\t\t<div class=\"elementor-widget-wrap elementor-element-populated\">\n\t\t\t\t\t\t<div class=\"elementor-element elementor-element-997a26c elementor-widget elementor-widget-text-editor\" data-id=\"997a26c\" data-element_type=\"widget\" data-widget_type=\"text-editor.default\">\n\t\t\t\t<div class=\"elementor-widget-container\">\n\t\t\t\t\t\t\t\t\t<p style=\"text-align: center;\">Avec la m\u00e9t\u00e9o estivale la tentation sera plus forte de sortir, mais il est pourtant vital de continuer \u00e0 respecter les mesures de confinement (<strong>les contrevenants sont sanctionn\u00e9s<\/strong>).<br \/><br \/><strong>Concernant l\u2019activit\u00e9 physique en plein air<\/strong>, l\u2019activit\u00e9 physique et les promenades restent encourag\u00e9es, toujours dans le respect de la distance sociale pour le temps de l\u2019activit\u00e9. Les citoyens sont donc\u00a0<strong>en dehors de leur domicile le temps de l\u2019activit\u00e9 uniquement.<\/strong><br \/><br \/>Il est demand\u00e9 de rester en mouvement pendant l\u2019activit\u00e9 (<strong>pas d\u2019installation dans les parcs, par exemple<\/strong>). L\u2019activit\u00e9 physique en plein air peut s\u2019exercer avec les membres de la famille vivant sous le m\u00eame toit et un ami, mais<strong>\u00a0en respectant alors la distanciation sociale.<\/strong>\u00a0Les sorties en famille vivant sous le m\u00eame toit sont autoris\u00e9es.<br \/><br \/>Il est important de conserver une distance raisonnable entre les individus, et surtout,\u00a0<strong>les rassemblements ne sont absolument pas permis.<\/strong><\/p>\t\t\t\t\t\t\t\t<\/div>\n\t\t\t\t<\/div>\n\t\t\t\t\t<\/div>\n\t\t<\/div>\n\t\t\t\t\t<\/div>\n\t\t<\/section>\n\t\t\t\t<\/div>\n\t\t","protected":false},"excerpt":{"rendered":"<p>Avec la m\u00e9t\u00e9o estivale la tentation sera plus forte de sortir, mais il est pourtant vital de continuer \u00e0 respecter les mesures de confinement (les contrevenants sont sanctionn\u00e9s). Concernant l\u2019activit\u00e9 physique en plein air, l\u2019activit\u00e9 physique et les promenades restent encourag\u00e9es, toujours dans le respect de la distance sociale pour le temps de l\u2019activit\u00e9. Les&hellip;&nbsp;<a href=\"https:\/\/policeath.be\/5322\/mesures-de-confinements\/\" rel=\"bookmark\">Lire la suite &raquo;<span class=\"screen-reader-text\">Mesures de confinements<\/span><\/a><\/p>\n","protected":false},"author":1,"featured_media":0,"parent":0,"menu_order":0,"comment_status":"closed","ping_status":"closed","template":"","meta":{"neve_meta_sidebar":"full-width","neve_meta_container":"","neve_meta_enable_content_width":"on","neve_meta_content_width":100,"neve_meta_title_alignment":"","neve_meta_author_avatar":"","neve_post_elements_order":"","neve_meta_disable_header":"","neve_meta_disable_footer":"","neve_meta_disable_title":"","_themeisle_gutenberg_block_has_review":false,"footnotes":""},"class_list":["post-48","page","type-page","status-publish","hentry"],"_links":{"self":[{"href":"https:\/\/policeath.be\/5322\/wp-json\/wp\/v2\/pages\/48","targetHints":{"allow":["GET"]}}],"collection":[{"href":"https:\/\/policeath.be\/5322\/wp-json\/wp\/v2\/pages"}],"about":[{"href":"https:\/\/policeath.be\/5322\/wp-json\/wp\/v2\/types\/page"}],"author":[{"embeddable":true,"href":"https:\/\/policeath.be\/5322\/wp-json\/wp\/v2\/users\/1"}],"replies":[{"embeddable":true,"href":"https:\/\/policeath.be\/5322\/wp-json\/wp\/v2\/comments?post=48"}],"version-history":[{"count":3,"href":"https:\/\/policeath.be\/5322\/wp-json\/wp\/v2\/pages\/48\/revisions"}],"predecessor-version":[{"id":51,"href":"https:\/\/policeath.be\/5322\/wp-json\/wp\/v2\/pages\/48\/revisions\/51"}],"wp:attachment":[{"href":"https:\/\/policeath.be\/5322\/wp-json\/wp\/v2\/media?parent=48"}],"curies":[{"name":"wp","href":"https:\/\/api.w.org\/{rel}","templated":true}]}}