{"id":56,"date":"2020-04-03T18:56:03","date_gmt":"2020-04-03T16:56:03","guid":{"rendered":"http:\/\/policeath.be\/5322\/?page_id=56"},"modified":"2026-03-05T11:49:58","modified_gmt":"2026-03-05T10:49:58","slug":"police-veille","status":"publish","type":"page","link":"https:\/\/policeath.be\/5322\/police-veille\/","title":{"rendered":"Police Veille"},"content":{"rendered":"\t\t<div data-elementor-type=\"wp-page\" data-elementor-id=\"56\" class=\"elementor elementor-56\" data-elementor-post-type=\"page\">\n\t\t\t\t\t\t<section class=\"elementor-section elementor-top-section elementor-element elementor-element-423dd32e elementor-section-boxed elementor-section-height-default elementor-section-height-default\" data-id=\"423dd32e\" data-element_type=\"section\">\n\t\t\t\t\t\t<div class=\"elementor-container elementor-column-gap-default\">\n\t\t\t\t\t<div class=\"elementor-column elementor-col-100 elementor-top-column elementor-element elementor-element-305be452\" data-id=\"305be452\" data-element_type=\"column\">\n\t\t\t<div class=\"elementor-widget-wrap elementor-element-populated\">\n\t\t\t\t\t\t<div class=\"elementor-element elementor-element-4e52b5c4 elementor-widget elementor-widget-text-editor\" data-id=\"4e52b5c4\" data-element_type=\"widget\" data-widget_type=\"text-editor.default\">\n\t\t\t\t<div class=\"elementor-widget-container\">\n\t\t\t\t\t\t\t\t\t\n<div class=\"wp-block-themeisle-blocks-advanced-columns has-undefined-columns has-desktop-undefined-layout has-tablet-equal-layout has-mobile-equal-layout has-default-gap has-vertical-unset\" id=\"wp-block-themeisle-blocks-advanced-columns-d86d8952\"><div class=\"wp-block-themeisle-blocks-advanced-columns-overlay\"><\/div><div class=\"innerblocks-wrap\"><\/div><\/div>\n\t\t\t\t\t\t\t\t<\/div>\n\t\t\t\t<\/div>\n\t\t\t\t\t<\/div>\n\t\t<\/div>\n\t\t\t\t\t<\/div>\n\t\t<\/section>\n\t\t\t\t<section class=\"elementor-section elementor-top-section elementor-element elementor-element-72537a9 elementor-section-boxed elementor-section-height-default elementor-section-height-default\" data-id=\"72537a9\" data-element_type=\"section\">\n\t\t\t\t\t\t<div class=\"elementor-container elementor-column-gap-default\">\n\t\t\t\t\t<div class=\"elementor-column elementor-col-100 elementor-top-column elementor-element elementor-element-1d6d783\" data-id=\"1d6d783\" data-element_type=\"column\">\n\t\t\t<div class=\"elementor-widget-wrap elementor-element-populated\">\n\t\t\t\t\t\t<div class=\"elementor-element elementor-element-983fcfe elementor-widget elementor-widget-text-editor\" data-id=\"983fcfe\" data-element_type=\"widget\" data-widget_type=\"text-editor.default\">\n\t\t\t\t<div class=\"elementor-widget-container\">\n\t\t\t\t\t\t\t\t\t<p style=\"text-align: center;\">La Zone de Police d&rsquo;Ath rappelle que vous pouvez faire appel au service \u00ab\u00a0Police Veille\u00a0\u00bb pour la surveillance des domiciles vides de vos proches, vos commerces&#8230;<\/p>\n<p style=\"text-align: center;\">Il suffit de remplir le formulaire en ligne via le site\u00a0<a href=\"https:\/\/my.police.be\/app\/home\" target=\"_blank\" rel=\"noopener\">police-on-web<\/a>,<\/p>\n<p style=\"text-align: center;\">et une surveillance syst\u00e9matique aura lieu pendant la p\u00e9riode d&rsquo;hospitalisation, d&rsquo;absence&#8230; de la personne concern\u00e9e.<\/p>\n<p style=\"text-align: center;\">La m\u00eame d\u00e9marche est encourag\u00e9e aupr\u00e8s des g\u00e9rants de commerces dont l&rsquo;activit\u00e9 doit \u00eatre stopp\u00e9e pendant cette p\u00e9riode de crise.<\/p>\n<p style=\"text-align: center;\">\u00a0<\/p>\t\t\t\t\t\t\t\t<\/div>\n\t\t\t\t<\/div>\n\t\t\t\t\t<\/div>\n\t\t<\/div>\n\t\t\t\t\t<\/div>\n\t\t<\/section>\n\t\t\t\t<\/div>\n\t\t","protected":false},"excerpt":{"rendered":"<p>La Zone de Police d&rsquo;Ath rappelle que vous pouvez faire appel au service \u00ab\u00a0Police Veille\u00a0\u00bb pour la surveillance des domiciles vides de vos proches, vos commerces&#8230; Il suffit de remplir le formulaire en ligne via le site\u00a0police-on-web, et une surveillance syst\u00e9matique aura lieu pendant la p\u00e9riode d&rsquo;hospitalisation, d&rsquo;absence&#8230; de la personne concern\u00e9e. La m\u00eame d\u00e9marche&hellip;&nbsp;<a href=\"https:\/\/policeath.be\/5322\/police-veille\/\" rel=\"bookmark\">Lire la suite &raquo;<span class=\"screen-reader-text\">Police Veille<\/span><\/a><\/p>\n","protected":false},"author":1,"featured_media":0,"parent":0,"menu_order":0,"comment_status":"closed","ping_status":"closed","template":"","meta":{"neve_meta_sidebar":"left","neve_meta_container":"","neve_meta_enable_content_width":"off","neve_meta_content_width":100,"neve_meta_title_alignment":"","neve_meta_author_avatar":"","neve_post_elements_order":"","neve_meta_disable_header":"","neve_meta_disable_footer":"on","neve_meta_disable_title":"","_themeisle_gutenberg_block_has_review":false,"footnotes":""},"class_list":["post-56","page","type-page","status-publish","hentry"],"_links":{"self":[{"href":"https:\/\/policeath.be\/5322\/wp-json\/wp\/v2\/pages\/56","targetHints":{"allow":["GET"]}}],"collection":[{"href":"https:\/\/policeath.be\/5322\/wp-json\/wp\/v2\/pages"}],"about":[{"href":"https:\/\/policeath.be\/5322\/wp-json\/wp\/v2\/types\/page"}],"author":[{"embeddable":true,"href":"https:\/\/policeath.be\/5322\/wp-json\/wp\/v2\/users\/1"}],"replies":[{"embeddable":true,"href":"https:\/\/policeath.be\/5322\/wp-json\/wp\/v2\/comments?post=56"}],"version-history":[{"count":14,"href":"https:\/\/policeath.be\/5322\/wp-json\/wp\/v2\/pages\/56\/revisions"}],"predecessor-version":[{"id":1296,"href":"https:\/\/policeath.be\/5322\/wp-json\/wp\/v2\/pages\/56\/revisions\/1296"}],"wp:attachment":[{"href":"https:\/\/policeath.be\/5322\/wp-json\/wp\/v2\/media?parent=56"}],"curies":[{"name":"wp","href":"https:\/\/api.w.org\/{rel}","templated":true}]}}